{"id":448,"date":"2022-11-09T14:49:19","date_gmt":"2022-11-09T13:49:19","guid":{"rendered":"https:\/\/srt-italia.it\/azienda\/"},"modified":"2025-11-11T12:21:59","modified_gmt":"2025-11-11T11:21:59","slug":"azienda","status":"publish","type":"page","link":"https:\/\/srt-italia.it\/de\/azienda\/","title":{"rendered":"Unternehmen"},"content":{"rendered":"<p>[vc_row][vc_column width=&#8221;1\/2&#8243;][vc_column_text]<strong>SRT ITALIA<\/strong> ist seit 1943 auf dem Papiermarkt t\u00e4tig.<\/p>\n<p>Das Unternehmen hat sich im Laufe der Zeit mit zwei sich erg\u00e4nzenden Gesch\u00e4ftsbereichen entwickelt und strukturiert:<br \/>&#8211; Verarbeitung und Verkauf von Rollen- und Bogendruckpapier<br \/>&#8211; Sammlung und Verwertung von unverkauftem, zur\u00fcckgegebenem und Altpapier<\/p>\n<p>SRT kauft und handelt auf nationaler und internationaler Ebene mit den wichtigsten europ\u00e4ischen L\u00e4ndern wie Frankreich, Deutschland und Spanien, aber auch mit au\u00dfereurop\u00e4ischen L\u00e4ndern wie den USA, Kanada und Russland.<\/p>\n<p>Heute verarbeitet <strong>SRT ITALIA<\/strong> in seinen Werken mehr als 120000 Tonnen Papier pro Jahr.[\/vc_column_text][\/vc_column][vc_column width=&#8221;1\/2&#8243;][vc_gallery interval=&#8221;3&#8243; images=&#8221;307,309,311&#8243; img_size=&#8221;large&#8221; el_class=&#8221;cover mh-image&#8221;][\/vc_column][\/vc_row]<\/p>\n","protected":false},"excerpt":{"rendered":"<p>[vc_row][vc_column width=&#8221;1\/2&#8243;][vc_column_text]SRT ITALIA ist seit 1943 auf dem Papiermarkt t\u00e4tig. Das Unternehmen hat sich im Laufe der Zeit mit zwei sich erg\u00e4nzenden Gesch\u00e4ftsbereichen entwickelt und strukturiert:&#8211; Verarbeitung und Verkauf von Rollen- und Bogendruckpapier&#8211; Sammlung und Verwertung von unverkauftem, zur\u00fcckgegebenem und Altpapier SRT kauft und handelt auf nationaler und internationaler Ebene mit den wichtigsten europ\u00e4ischen L\u00e4ndern [&hellip;]<\/p>\n","protected":false},"author":2,"featured_media":0,"parent":0,"menu_order":0,"comment_status":"closed","ping_status":"closed","template":"template-pages\/page-azienda.php","meta":[],"acf":[],"_links":{"self":[{"href":"https:\/\/srt-italia.it\/de\/wp-json\/wp\/v2\/pages\/448"}],"collection":[{"href":"https:\/\/srt-italia.it\/de\/wp-json\/wp\/v2\/pages"}],"about":[{"href":"https:\/\/srt-italia.it\/de\/wp-json\/wp\/v2\/types\/page"}],"author":[{"embeddable":true,"href":"https:\/\/srt-italia.it\/de\/wp-json\/wp\/v2\/users\/2"}],"replies":[{"embeddable":true,"href":"https:\/\/srt-italia.it\/de\/wp-json\/wp\/v2\/comments?post=448"}],"version-history":[{"count":28,"href":"https:\/\/srt-italia.it\/de\/wp-json\/wp\/v2\/pages\/448\/revisions"}],"predecessor-version":[{"id":1046,"href":"https:\/\/srt-italia.it\/de\/wp-json\/wp\/v2\/pages\/448\/revisions\/1046"}],"wp:attachment":[{"href":"https:\/\/srt-italia.it\/de\/wp-json\/wp\/v2\/media?parent=448"}],"curies":[{"name":"wp","href":"https:\/\/api.w.org\/{rel}","templated":true}]}}