{"id":476,"date":"2022-11-10T10:29:04","date_gmt":"2022-11-10T09:29:04","guid":{"rendered":"https:\/\/srt-italia.it\/servizi\/"},"modified":"2025-04-04T17:15:00","modified_gmt":"2025-04-04T15:15:00","slug":"servizi","status":"publish","type":"page","link":"https:\/\/srt-italia.it\/de\/servizi\/","title":{"rendered":"Dienstleistungen"},"content":{"rendered":"<p>[vc_row][vc_column width=&#8221;1\/2&#8243;][vc_column_text]SRT arbeitet direkt mit den wichtigsten Papierfabriken und Druckereien zusammen, mit denen es Druckpapier erster und zweiter Wahl sowie Stockpapier f\u00fcr Offset- und Tiefdruck kauft und verkauft. Unser Papier wird in den vom Kunden gew\u00fcnschten Gr\u00f6\u00dfen und Typen geschnitten und verarbeitet, um die Produktionsprozesse zu optimieren und gleichzeitig die Kosten f\u00fcr Rohstoffe und Verarbeitung zu senken.<\/p>\n<p>Mit einer fortschrittlichen Struktur und Logistik kann das Unternehmen SRT ITALIA ihren Kunden einen Just-in-time-Service bieten.<\/p>\n<p>Alle Arten von Grafikpapier f\u00fcr den Offset- und Tiefdruck sind immer in jeder Grammatur und H\u00f6he verf\u00fcgbar, wie z.B. gestrichenes, mattes, volumenreiches, kalandriertes Papier, mit und ohne Holz, sowie Papier f\u00fcr Zeitungen und B\u00fccher.<\/p>\n<p>Mit unseren Wickel- und Schneidemaschinen k\u00f6nnen wir das Papier bis zu einer H\u00f6he von 5 Metern (d.h. 5000 mm, Durchmesser 140 cm &#8211; 1400 mm), mit einer H\u00fclse von 7, 7,6 und 15 cm (d.h. 70, 76 und 150 mm) und einer Grammatur von 40 bis 130 Gramm verarbeiten, schneiden und verpacken.<\/p>\n<p>Mit der Sammlung und R\u00fcckgewinnung von Papier werden unverkaufte Lose, Lagerbestand, unbenutzte Best\u00e4nde, gedruckte R\u00fccksendungen, Anschnittmarken, Zeitungen, Zeitschriften, Verlagsprodukte, Packpapier, Pappschachtel, Kraftpapier und Altpapier gekauft. &#8212;Dieses mit unseren Maschinen verarbeitete, ausgew\u00e4hlte und verpackte Papier stellt den Rohstoff f\u00fcr die Herstellung von neuem und Recyclingpapier dar.[\/vc_column_text][\/vc_column][vc_column width=&#8221;1\/2&#8243;][vc_single_image image=&#8221;305&#8243;][\/vc_column][\/vc_row]<\/p>\n","protected":false},"excerpt":{"rendered":"<p>[vc_row][vc_column width=&#8221;1\/2&#8243;][vc_column_text]SRT arbeitet direkt mit den wichtigsten Papierfabriken und Druckereien zusammen, mit denen es Druckpapier erster und zweiter Wahl sowie Stockpapier f\u00fcr Offset- und Tiefdruck kauft und verkauft. Unser Papier wird in den vom Kunden gew\u00fcnschten Gr\u00f6\u00dfen und Typen geschnitten und verarbeitet, um die Produktionsprozesse zu optimieren und gleichzeitig die Kosten f\u00fcr Rohstoffe und Verarbeitung [&hellip;]<\/p>\n","protected":false},"author":2,"featured_media":0,"parent":0,"menu_order":0,"comment_status":"closed","ping_status":"closed","template":"template-pages\/page-servizi.php","meta":[],"acf":[],"_links":{"self":[{"href":"https:\/\/srt-italia.it\/de\/wp-json\/wp\/v2\/pages\/476"}],"collection":[{"href":"https:\/\/srt-italia.it\/de\/wp-json\/wp\/v2\/pages"}],"about":[{"href":"https:\/\/srt-italia.it\/de\/wp-json\/wp\/v2\/types\/page"}],"author":[{"embeddable":true,"href":"https:\/\/srt-italia.it\/de\/wp-json\/wp\/v2\/users\/2"}],"replies":[{"embeddable":true,"href":"https:\/\/srt-italia.it\/de\/wp-json\/wp\/v2\/comments?post=476"}],"version-history":[{"count":6,"href":"https:\/\/srt-italia.it\/de\/wp-json\/wp\/v2\/pages\/476\/revisions"}],"predecessor-version":[{"id":984,"href":"https:\/\/srt-italia.it\/de\/wp-json\/wp\/v2\/pages\/476\/revisions\/984"}],"wp:attachment":[{"href":"https:\/\/srt-italia.it\/de\/wp-json\/wp\/v2\/media?parent=476"}],"curies":[{"name":"wp","href":"https:\/\/api.w.org\/{rel}","templated":true}]}}